{"id":4252,"date":"2025-11-20T13:53:17","date_gmt":"2025-11-20T12:53:17","guid":{"rendered":"https:\/\/www.campingdrome.net\/mentions-legales\/"},"modified":"2026-04-20T10:26:33","modified_gmt":"2026-04-20T08:26:33","slug":"informacion-legal","status":"publish","type":"page","link":"https:\/\/www.campingdrome.net\/es\/informacion-legal\/","title":{"rendered":"Informaci\u00f3n legal"},"content":{"rendered":"\n<section class=\"wp-block-group alignwide page-one has-global-padding is-layout-constrained wp-container-core-group-is-layout-f4457c25 wp-block-group-is-layout-constrained\" style=\"margin-top:0rem;padding-top:0;padding-right:0px;padding-bottom:0;padding-left:0px\">\n<div style=\"height:30px\" aria-hidden=\"true\" class=\"wp-block-spacer gt-hide-mobile\"><\/div>\n\n\n\n<h1 class=\"wp-block-heading has-text-align-center has-contrast-color has-text-color has-link-color wp-elements-f6676bc36ec845afe57f0627b0caac94\" style=\"padding-bottom:var(--wp--preset--spacing--20);padding-left:0\">Informaci\u00f3n legal<\/h1>\n\n\n\n<p>La presente Informaci\u00f3n legal regula el uso del sitio web www.campingdrome.net (en adelante, el SITIO WEB), propiedad de SARL LA CHALEYSSINOISE (en adelante, el PROPIETARIO DEL SITIO WEB).<\/p>\n\n\n\n<p>EL PROPIETARIO DE LA WEB, en cumplimiento de la Ley 34\/2002, de 11 de julio, de servicios de la sociedad de la informaci\u00f3n y de comercio electr\u00f3nico, te informa:<\/p>\n\n\n\n<ul style=\"padding-left:var(--wp--preset--spacing--30)\" class=\"wp-block-list\">\n<li>Director de la publicaci\u00f3n: Solon Roubin<\/li>\n\n\n\n<li>Nombre de la empresa: SARL LA CHALEYSSINOISE<\/li>\n\n\n\n<li>Nombre de la empresa: CAMPING LE Grand Cerf<\/li>\n\n\n\n<li>N\u00famero de SIRENA: 808352298<\/li>\n\n\n\n<li>N\u00ba IVA: FR64808352298<\/li>\n\n\n\n<li>El domicilio social se encuentra en: 3 IMPASSE DU Grand Cerf 26530LE GRAND SERRE, FRANCIA<\/li>\n\n\n\n<li>E.mail : contactresalegrandcerf@gmail.com<\/li>\n<\/ul>\n\n\n\n<p>Todas las notificaciones y comunicaciones entre los Usuarios y el PROPIETARIO DE LA WEB se considerar\u00e1n v\u00e1lidas, a todos los efectos, cuando se realicen a trav\u00e9s de correo postal o correo electr\u00f3nico a la direcci\u00f3n anteriormente se\u00f1alada.<\/p>\n\n\n\n<h2 class=\"wp-block-heading has-custom-color-1-color has-text-color has-link-color has-retcaro-font-family wp-elements-133c8022f9e4bd6f8c782e41a4d5405b\" style=\"font-size:clamp(1.743rem, 1.743rem + ((1vw - 0.2rem) * 2.095), 3rem);line-height:1\">USUARIOS<\/h2>\n\n\n\n<p>El acceso y\/o uso del SITIO WEB atribuye la condici\u00f3n de USUARIO, aceptando, desde dicho acceso y\/o uso, las Condiciones Generales de Uso que se detallan a continuaci\u00f3n. Dichas condiciones deber\u00e1n aplicarse con independencia de las Condiciones Generales de Venta que, en su caso, resulten de obligado cumplimiento. <\/p>\n\n\n\n<h2 class=\"wp-block-heading has-custom-color-1-color has-text-color has-link-color has-retcaro-font-family wp-elements-2707e5409a135de3c3b5d2b8b72d1a3e\" style=\"font-size:clamp(1.743rem, 1.743rem + ((1vw - 0.2rem) * 2.095), 3rem);line-height:1\">USO DEL SITIO WEB<\/h2>\n\n\n\n<p>El Sitio Web y sus servicios son de acceso libre y gratuito, no obstante, el PROPIETARIO DEL SITIO WEB condiciona la utilizaci\u00f3n de algunos de los servicios ofrecidos en su Sitio Web a la previa cumplimentaci\u00f3n del correspondiente formulario, para adquirir la condici\u00f3n de Usuario del SITIO WEB.<\/p>\n\n\n\n<p>El Usuario garantiza la autenticidad y actualidad de todos aquellos datos que comunique al PROPIETARIO DE LA WEB y ser\u00e1 el \u00fanico responsable de las manifestaciones falsas o inexactas que realice.<\/p>\n\n\n\n<p>El Usuario se compromete expresamente a hacer un uso adecuado de los contenidos y servicios del PROPIETARIO DE LA WEB y a no emplearlos para, entre otros<\/p>\n\n\n\n<ul style=\"padding-left:var(--wp--preset--spacing--30)\" class=\"wp-block-list\">\n<li>Distribuir contenidos delictivos, violentos, pornogr\u00e1ficos, racistas, xen\u00f3fobos, ofensivos, de apolog\u00eda del terrorismo o, en general, contrarios a la ley o al orden p\u00fablico.<\/li>\n\n\n\n<li>Introducir en la red virus inform\u00e1ticos o realizar actuaciones susceptibles de alterar, modificar, interrumpir o generar errores o da\u00f1os en los documentos electr\u00f3nicos, datos o sistemas f\u00edsicos y l\u00f3gicos del PROPIETARIO DE LA WEB o de un tercero; o impedir el acceso de otros usuarios al Sitio Web y a sus servicios mediante el consumo masivo de los recursos inform\u00e1ticos a trav\u00e9s de los cuales el PROPIETARIO DE LA WEB presta sus servicios.<\/li>\n\n\n\n<li>Intentar acceder a las cuentas de correo electr\u00f3nico de otros usuarios o a \u00e1reas restringidas de los sistemas inform\u00e1ticos del PROPIETARIO DE LA WEB o de terceros y, en su caso, extraer informaci\u00f3n de los mismos.<\/li>\n\n\n\n<li>Infringir los derechos de propiedad intelectual o industrial, o violar la confidencialidad de la informaci\u00f3n del PROPIETARIO DEL SITIO WEB o de un tercero.<\/li>\n\n\n\n<li>Suplantar la identidad de otros usuarios, autoridades p\u00fablicas o terceros.<\/li>\n\n\n\n<li>Reproducir, copiar, distribuir, poner a disposici\u00f3n o comunicar p\u00fablicamente, transformar o modificar los contenidos, a menos que se cuente con la autorizaci\u00f3n del titular de los correspondientes derechos o ello resulte legalmente permitido.<\/li>\n\n\n\n<li>Recopilar datos con fines publicitarios y enviar publicidad de cualquier tipo y comunicaciones comerciales o de otro tipo sin obtener autorizaci\u00f3n previa.<\/li>\n<\/ul>\n\n\n\n<h2 class=\"wp-block-heading has-custom-color-1-color has-text-color has-link-color has-retcaro-font-family wp-elements-a711f981ca4edff547d3f51fa4b8ef00\" style=\"font-size:clamp(1.743rem, 1.743rem + ((1vw - 0.2rem) * 2.095), 3rem);line-height:1\">PROPIEDAD INTELECTUAL E INDUSTRIAL<\/h2>\n\n\n\n<p>En virtud de lo dispuesto en la normativa vigente en materia de Propiedad Intelectual, quedan expresamente prohibidas la reproducci\u00f3n, la distribuci\u00f3n y la comunicaci\u00f3n p\u00fablica, incluida su modalidad de puesta a disposici\u00f3n, de la totalidad o parte de los contenidos, como textos, fotograf\u00edas, gr\u00e1ficos, im\u00e1genes, iconos, tecnolog\u00eda, software, as\u00ed como de sus gr\u00e1ficos y c\u00f3digos fuente, con fines comerciales, en cualquier soporte y por cualquier medio t\u00e9cnico, sin la autorizaci\u00f3n del PROPIETARIO DE LA WEB.<br \/>Todos los contenidos del Sitio Web son propiedad del PROPIETARIO DE LA WEB, sin que puedan entenderse cedidos al usuario ninguno de los derechos de explotaci\u00f3n sobre los mismos, m\u00e1s all\u00e1 de lo estrictamente necesario para el correcto uso del Sitio Web.<\/p>\n\n\n\n<p>En definitiva, los Usuarios que accedan a este Sitio Web pueden consultar los contenidos y, en su caso, realizar copias privadas autorizadas, siempre que los elementos reproducidos no sean cedidos posteriormente a terceros, ni se instalen en servidores conectados a redes, ni se utilicen para ning\u00fan tipo de explotaci\u00f3n comercial.<\/p>\n\n\n\n<p>Asimismo, todas las marcas, nombres comerciales o signos distintivos de cualquier clase que aparecen en el Sitio Web son propiedad del PROPIETARIO DE LA WEB, sin que pueda entenderse que el uso o acceso al mismo atribuya al usuario derecho alguno sobre los mismos.<\/p>\n\n\n\n<h2 class=\"wp-block-heading has-custom-color-1-color has-text-color has-link-color has-retcaro-font-family wp-elements-de9f5d29c3f702c7b65b60a2d1624b4b\" style=\"font-size:clamp(1.743rem, 1.743rem + ((1vw - 0.2rem) * 2.095), 3rem);line-height:1\">EXCLUSI\u00d3N DE GARANT\u00cdAS Y RESPONSABILIDAD<\/h2>\n\n\n\n<p>El contenido de este sitio web es de car\u00e1cter general y tiene una finalidad meramente informativa, sin que se garantice que todo el contenido sea accesible, completo, exacto, v\u00e1lido o actualizado, o que sea pertinente o \u00fatil para un fin espec\u00edfico.<\/p>\n\n\n\n<p>El PROPIETARIO DE LA P\u00c1GINA WEB excluye, en la m\u00e1xima medida permitida por la ley, toda responsabilidad por cualquier da\u00f1o o p\u00e9rdida derivados de:<\/p>\n\n\n\n<ul style=\"padding-left:var(--wp--preset--spacing--30)\" class=\"wp-block-list\">\n<li>La imposibilidad de acceso al Sitio Web o la falta de veracidad, exactitud, exhaustividad y\/o actualidad de los contenidos, as\u00ed como la existencia de vicios y defectos de toda clase de los contenidos transmitidos, difundidos, almacenados, puestos a disposici\u00f3n o a los que se haya accedido a trav\u00e9s del Sitio Web o de los servicios que se ofrecen.<\/li>\n\n\n\n<li>La presencia de virus o de otros elementos en los contenidos que puedan producir alteraciones en los sistemas inform\u00e1ticos, documentos electr\u00f3nicos o datos de los Usuarios.<\/li>\n\n\n\n<li>El incumplimiento de las leyes, la buena fe, el orden p\u00fablico, los usos del tr\u00e1fico y el presente aviso legal como consecuencia del uso incorrecto del sitio web. En particular, y a modo ejemplificativo, el PROPIETARIO DE LA WEB no se hace responsable de las actuaciones de terceros que vulneren derechos de propiedad intelectual e industrial, secretos empresariales, derechos al honor, a la intimidad y a la vida familiar y a la propia imagen, as\u00ed como la normativa en materia de competencia desleal y publicidad il\u00edcita. <\/li>\n<\/ul>\n\n\n\n<h2 class=\"wp-block-heading has-custom-color-1-color has-text-color has-link-color has-retcaro-font-family wp-elements-7b70ddbb0cb42a11cb491a08d95676da\" style=\"font-size:clamp(1.743rem, 1.743rem + ((1vw - 0.2rem) * 2.095), 3rem);line-height:1\">MODIFICACI\u00d3N DE ESTA INFORMACI\u00d3N LEGAL<\/h2>\n\n\n\n<p>El PROPIETARIO DE LA WEB podr\u00e1 modificar en cualquier momento, a su sola discreci\u00f3n, las condiciones aqu\u00ed determinadas, publicando debidamente en su sitio web las actualizaciones y\/o modificaciones de las mismas.  <br \/>Las presentes condiciones estar\u00e1n vigentes durante su per\u00edodo de publicaci\u00f3n y hasta que sean modificadas o sustituidas por otras debidamente publicadas.<\/p>\n\n\n\n<h2 class=\"wp-block-heading has-custom-color-1-color has-text-color has-link-color has-retcaro-font-family wp-elements-172c1a0cec08255e1389076614b08a32\" style=\"font-size:clamp(1.743rem, 1.743rem + ((1vw - 0.2rem) * 2.095), 3rem);line-height:1\">ENLACES<\/h2>\n\n\n\n<p>El PROPIETARIO DE LA WEB declina cualquier responsabilidad respecto a la informaci\u00f3n que se halle fuera de esta Web y no gestionada directamente por nuestro webmaster. La funci\u00f3n de los enlaces que aparecen en esta p\u00e1gina es exclusivamente la de informar al usuario sobre la existencia de otras fuentes susceptibles de ampliar los contenidos que ofrece este Sitio Web.   <br \/>El PROPIETARIO DE LA WEB no garantiza ni se responsabiliza del funcionamiento o accesibilidad de los sitios enlazados. El PROPIETARIO DE LA WEB no sugiere, invita o recomienda la visita de estos sitios y, por tanto, no es responsable del resultado obtenido. El PROPIETARIO DE LA WEB no se responsabiliza de la creaci\u00f3n de enlaces de hipertexto por parte de terceros.  <\/p>\n\n\n\n<h2 class=\"wp-block-heading has-custom-color-1-color has-text-color has-link-color has-retcaro-font-family wp-elements-959a0d072ba766f9ff47bb12e36c6183\" style=\"font-size:clamp(1.743rem, 1.743rem + ((1vw - 0.2rem) * 2.095), 3rem);line-height:1\">DERECHO DE EXCLUSI\u00d3N<\/h2>\n\n\n\n<p>El PROPIETARIO DE LA WEB se reserva el derecho a denegar o retirar el acceso a portal y\/o los servicios ofrecidos sin necesidad de preaviso, a instancia propia o de un tercero, a aquellos Usuarios que incumplan las presentes Condiciones Generales de Uso de la WEB.<\/p>\n\n\n\n<h2 class=\"wp-block-heading has-custom-color-1-color has-text-color has-link-color has-retcaro-font-family wp-elements-260128649880e2415c01a90534ba05c9\" style=\"font-size:clamp(1.743rem, 1.743rem + ((1vw - 0.2rem) * 2.095), 3rem);line-height:1\">GENERAL<\/h2>\n\n\n\n<p>En el caso de que un Usuario o un tercero considere que existen hechos o circunstancias que revelen el car\u00e1cter il\u00edcito de la utilizaci\u00f3n de cualquier contenido y\/o de la realizaci\u00f3n de cualquier actividad en el SITIO WEB DEL PROPIETARIO integrado o accesible a trav\u00e9s del mismo, deber\u00e1 enviar una notificaci\u00f3n al PROPIETARIO DE LA WEB, identific\u00e1ndose debidamente, especificando las supuestas infracciones e indicando expresamente y bajo su responsabilidad que la informaci\u00f3n proporcionada en la notificaci\u00f3n es exacta.<\/p>\n\n\n\n<h2 class=\"wp-block-heading has-custom-color-1-color has-text-color has-link-color has-retcaro-font-family wp-elements-cccf14872a41fa6b62d1740060554ec7\" style=\"font-size:clamp(1.743rem, 1.743rem + ((1vw - 0.2rem) * 2.095), 3rem);line-height:1\">PUBLICACIONES<\/h2>\n\n\n\n<p>La informaci\u00f3n administrativa facilitada en el Sitio Web no sustituye la publicidad legal de las leyes, normativas, planes, disposiciones generales y actos que tengan que ser publicados oficialmente en los diarios oficiales de las administraciones p\u00fablicas, que constituyen el \u00fanico instrumento que da fe de su autenticidad y contenido. La informaci\u00f3n disponible en este Sitio Web debe entenderse como una gu\u00eda. <\/p>\n\n\n\n<h2 class=\"wp-block-heading has-custom-color-1-color has-text-color has-link-color has-retcaro-font-family wp-elements-34f147b155faa33b6da036a2c474927a\" style=\"font-size:clamp(1.743rem, 1.743rem + ((1vw - 0.2rem) * 2.095), 3rem);line-height:1\">LEGISLACI\u00d3N Y JURISDICCI\u00d3N APLICABLES<\/h2>\n\n\n\n<p>Las presentes condiciones se regir\u00e1n o interpretar\u00e1n de conformidad con la legislaci\u00f3n francesa en lo no previsto expresamente. El PROPIETARIO DE LA WEB y el Usuario acuerdan someter cualquier controversia que pudiera suscitarse por el suministro de los productos o servicios objeto de las presentes Condiciones a los Juzgados y Tribunales del domicilio del Usuario. <\/p>\n\n\n\n<p>En el supuesto de que el usuario tenga su domicilio fuera de Francia, el PROPIETARIO DE LA WEB y el usuario, con renuncia expresa a cualquier otro fuero, se someten al de los juzgados y tribunales del domicilio del PROPIETARIO DE LA WEB.<\/p>\n\n\n\n<h2 class=\"wp-block-heading has-custom-color-1-color has-text-color has-link-color has-retcaro-font-family wp-elements-ac1bea849ef468176d68493afbed9a8f\" style=\"font-size:clamp(1.743rem, 1.743rem + ((1vw - 0.2rem) * 2.095), 3rem);line-height:1\">MEDIADOR<\/h2>\n\n\n\n<p>CM2C <br \/>14 rue Saint Jean <br \/>75017 Par\u00eds <br \/>@ : cm2c@cm2c.net <br \/><a href=\"https:\/\/cm2c.net\/comment-nous-saisir.php\" target=\"_blank\" rel=\"noreferrer noopener nofollow\">https:\/\/cm2c.net\/comment-nous-saisir.php<\/a><\/p>\n\n\n\n<h2 class=\"wp-block-heading has-custom-color-1-color has-text-color has-link-color has-retcaro-font-family wp-elements-1fb263705f414600ff0215695462b852\" style=\"font-size:clamp(1.743rem, 1.743rem + ((1vw - 0.2rem) * 2.095), 3rem);line-height:1\">Creado para<\/h2>\n\n\n\n<p><strong>GEEK TONIC<\/strong> Representado por el Sr. Yohan Darmayan en calidad de Gerente <br \/>Domicilio social: 16 chemin de Sabalce 64100 Bayona<br \/>Tel: <a href=\"https:\/\/www.google.com\/search?q=geek+tonic&amp;sxsrf=ALiCzsb97zG2dngu-WqfTOdPG_O6pmDSPQ%3A1665557722642&amp;ei=2mRGY-_0JorhlwS4vpuoCA&amp;ved=0ahUKEwjvyaSDjtr6AhWK8IUKHTjfBoUQ4dUDCA4&amp;uact=5&amp;oq=geek+tonic&amp;gs_lcp=Cgdnd3Mtd2l6EAMyBAgjECcyCgguEMcBEK8BECcyBggAEBYQHjIGCAAQFhAeMgIIJjoKCAAQRxDWBBCwAzoNCAAQ5AIQ1gQQsAMYAToICAAQFhAeEA86CAgAEBYQHhAKOgUIABCABDoLCC4QgAQQxwEQ0QM6CggAEIAEEIcCEBQ6CggAEIAEEAoQywFKBAhNGAFKBAhBGABKBAhGGAFQ4wtYgh1gkyBoAnABeACAAawBiAHRBJIBAzUuMZgBAKABAcgBDcABAdoBBggBEAEYCQ&amp;sclient=gws-wiz#\">05 32 74 11 52<\/a> <br \/>Correo electr\u00f3nico: support@geek-tonic.com <br \/>P\u00e1gina web: <a href=\"https:\/\/www.geek-tonic.com\/\" target=\"_blank\" rel=\"noreferrer noopener nofollow\">www.geek-tonic.com<\/a> <br \/>SIRET: 89746755100015<br \/>APE: 6201Z<\/p>\n\n\n\n<div style=\"height:100px\" aria-hidden=\"true\" class=\"wp-block-spacer gt-hide-mobile\"><\/div>\n<\/section>\n","protected":false},"excerpt":{"rendered":"<p>Informaci\u00f3n legal La presente Informaci\u00f3n legal regula el uso del sitio web www.campingdrome.net (en adelante, el SITIO WEB), propiedad de SARL LA CHALEYSSINOISE (en adelante, el PROPIETARIO DEL SITIO WEB). EL PROPIETARIO DE LA WEB, en cumplimiento de la Ley 34\/2002, de 11 de julio, de servicios de la sociedad de la informaci\u00f3n y de [&hellip;]<\/p>\n","protected":false},"author":1,"featured_media":4253,"parent":0,"menu_order":0,"comment_status":"closed","ping_status":"closed","template":"","meta":{"_seopress_robots_primary_cat":"","_seopress_titles_title":"Informaci\u00f3n legal","_seopress_titles_desc":"","_seopress_robots_index":"yes","_gt_ctv_global_id":"","_gt_ctv_id_group":false,"inline_featured_image":false,"gt_fse_maillage_image":"https:\/\/www.campingdrome.net\/wp-content\/uploads\/2026\/04\/mentions-legales-camping-grand-cerf.jpg","gt_fse_maillage_titre":"Informaci\u00f3n legal","gt_fse_maillage_alt":"informaci\u00f3n legal camping grand cerf","gt_fse_maillage_resume":"","footnotes":""},"categories":[],"tags":[],"class_list":["post-4252","page","type-page","status-publish","has-post-thumbnail","hentry"],"_links":{"self":[{"href":"https:\/\/www.campingdrome.net\/es\/wp-json\/wp\/v2\/pages\/4252","targetHints":{"allow":["GET"]}}],"collection":[{"href":"https:\/\/www.campingdrome.net\/es\/wp-json\/wp\/v2\/pages"}],"about":[{"href":"https:\/\/www.campingdrome.net\/es\/wp-json\/wp\/v2\/types\/page"}],"author":[{"embeddable":true,"href":"https:\/\/www.campingdrome.net\/es\/wp-json\/wp\/v2\/users\/1"}],"replies":[{"embeddable":true,"href":"https:\/\/www.campingdrome.net\/es\/wp-json\/wp\/v2\/comments?post=4252"}],"version-history":[{"count":4,"href":"https:\/\/www.campingdrome.net\/es\/wp-json\/wp\/v2\/pages\/4252\/revisions"}],"predecessor-version":[{"id":4388,"href":"https:\/\/www.campingdrome.net\/es\/wp-json\/wp\/v2\/pages\/4252\/revisions\/4388"}],"wp:featuredmedia":[{"embeddable":true,"href":"https:\/\/www.campingdrome.net\/es\/wp-json\/wp\/v2\/media\/4253"}],"wp:attachment":[{"href":"https:\/\/www.campingdrome.net\/es\/wp-json\/wp\/v2\/media?parent=4252"}],"wp:term":[{"taxonomy":"category","embeddable":true,"href":"https:\/\/www.campingdrome.net\/es\/wp-json\/wp\/v2\/categories?post=4252"},{"taxonomy":"post_tag","embeddable":true,"href":"https:\/\/www.campingdrome.net\/es\/wp-json\/wp\/v2\/tags?post=4252"}],"curies":[{"name":"wp","href":"https:\/\/api.w.org\/{rel}","templated":true}]}}